{"id":1623,"date":"2022-07-04T21:26:55","date_gmt":"2022-07-04T21:26:55","guid":{"rendered":"http:\/\/detailing-dvornik.cz\/terms-conditions\/"},"modified":"2025-09-22T13:47:02","modified_gmt":"2025-09-22T13:47:02","slug":"ochrana-soukromi","status":"publish","type":"page","link":"https:\/\/detailing-dvornik.cz\/en\/ochrana-soukromi\/","title":{"rendered":"Ochrana soukrom\u00ed"},"content":{"rendered":"<h2><strong>Provozovatel webu<\/strong><\/h2>\n<p>Vlastn\u00edkem a provozovatelem t\u011bchto\u00a0webov\u00fdch str\u00e1nek je\u00a0<b><\/b><b>JS economy solution, s.r.o.<\/b><\/p>\n<h2><strong>Autorsk\u00e1 pr\u00e1va<\/strong><\/h2>\n<p>Obsah webu je v cel\u00e9m rozsahu chr\u00e1n\u011bn autorsk\u00fdm pr\u00e1vem. Nen\u00ed-li v\u00fdslovn\u011b uvedeno jinak, nen\u00ed mo\u017en\u00e9 obsah p\u0159eb\u00edrat, kop\u00edrovat, reprodukovat ani d\u00e1le \u0161\u00ed\u0159it jin\u00fdmi kan\u00e1ly, s v\u00fdjimkou tisku pro osobn\u00ed pot\u0159ebu a stru\u010dn\u00fdch citac\u00ed \u010di n\u00e1hled\u016f na soci\u00e1ln\u00edch s\u00edt\u00edch s uveden\u00edm zdroje. Souhlas s u\u017eit\u00edm obsahu mus\u00ed b\u00fdt v\u017edy p\u00edsemn\u00fd a lze o n\u011bj po\u017e\u00e1dat.<\/p>\n<h2><strong>Prohl\u00e1\u0161en\u00ed o p\u0159\u00edstupnosti<\/strong><\/h2>\n<p>Autor www str\u00e1nek prohla\u0161uje, \u017ee tyto str\u00e1nky se sna\u017e\u00ed o\u00a0maxim\u00e1ln\u00ed p\u0159\u00edstupnost obsahu i\u00a0v\u0161ech sv\u00fdch funk\u010dnost\u00ed pro v\u0161echny u\u017eivatele internetu.<\/p>\n<p>Webov\u00e1 prezentace je vytvo\u0159ena HTML 5.0, vizu\u00e1ln\u00ed str\u00e1nka prezentace pak s\u00a0vyu\u017eit\u00edm CSS 3.<\/p>\n<h2><strong>Informace o tv\u016frci webu<\/strong><\/h2>\n<p>Webov\u00e9 str\u00e1nky jsou vytvo\u0159eny na publika\u010dn\u00edm syst\u00e9mu WORDPRESS. Str\u00e1nky vytvo\u0159il a navrhl Mgr. Tom\u00e1\u0161 Valach. Kontaktovat jej m\u016f\u017eete na\u00a0<a href=\"https:\/\/tomasvalach.cz\/\">www.tomasvalach.cz<\/a>\u00a0nebo na\u00a0<a href=\"mailto:info@tomasvalach.cz\">info@tomasvalach.cz<\/a>.<\/p>\n<h2><strong>Cookies<\/strong><\/h2>\n<p>Tato webov\u00e1 str\u00e1nka pou\u017e\u00edv\u00e1 soubory cookies. K personalizaci obsahu a reklam, poskytov\u00e1n\u00ed funkc\u00ed soci\u00e1ln\u00edch m\u00e9di\u00ed a anal\u00fdze na\u0161\u00ed n\u00e1v\u0161t\u011bvnosti vyu\u017e\u00edv\u00e1me soubory cookie. Cookies jsou mal\u00e9 textov\u00e9 soubory, kter\u00e9 mohou b\u00fdt pou\u017e\u00edv\u00e1ny webov\u00fdmi str\u00e1nkami, aby u\u010dinily u\u017eivatelsk\u00fd z\u00e1\u017eitek v\u00edce efektivn\u00ed.<\/p>\n<h2><strong>Ochrana dat<\/strong><\/h2>\n<p>P\u0159\u00edstup na str\u00e1nky\u00a0m\u016f\u017ee b\u00fdt ze strany Provozovatele podm\u00edn\u011bn poskytnut\u00edm n\u011bkter\u00fdch osobn\u00edch \u00fadaj\u016f U\u017eivatele ve smyslu z\u00e1k. \u010d. 101\/2000 Sb., o ochran\u011b osobn\u00edch \u00fadaj\u016f a p\u0159\u00edpadn\u011b i pr\u00e1vn\u00edch p\u0159edpis\u016f, v platn\u00e9m zn\u011bn\u00ed. V takov\u00e9m p\u0159\u00edpad\u011b bude Provozovatel s t\u011bmito \u00fadaji nakl\u00e1dat v souladu s platn\u00fdmi pr\u00e1vn\u00edmi p\u0159edpisy. Poskytnut\u00edm t\u011bchto \u00fadaj\u016f vyslovuje U\u017eivatel souhlas se zpracov\u00e1n\u00ed osobn\u00edch \u00fadaj\u016f Provozovatelem.<\/p>\n<h2><strong>K\u00f3dy t\u0159et\u00edch stran<\/strong><\/h2>\n<p>Provozovatel spolupracuje se spole\u010dnostmi, kter\u00e9 mu poskytuj\u00ed r\u016fzn\u00e9 slu\u017eby. Tyto spole\u010dnosti, pokud jsou k\u00a0tomu opr\u00e1vn\u011bn\u00e9, mohou nakl\u00e1dat s\u00a0osobn\u00edmi \u00fadaji u\u017eivatele, p\u0159i\u010dem\u017e s\u00a0t\u011bmito informacemi pracuj\u00ed pouze p\u0159i pln\u011bn\u00ed sv\u00fdch povinnost\u00ed a\u00a0nesm\u00ed je pou\u017e\u00edt k\u00a0jin\u00e9mu \u00fa\u010delu. Provozovatel neprod\u00e1v\u00e1, nep\u0159ev\u00e1d\u00ed a\u00a0nesd\u011bluje osobn\u00ed \u00fadaje t\u0159et\u00edm stran\u00e1m, pokud to nen\u00ed t\u0159eba k\u00a0napln\u011bn\u00ed pr\u00e1vn\u00edch p\u0159edpis\u016f.<\/p>\n<p>Pokud si u\u017eivatel p\u0159eje opravit nebo smazat osobn\u00ed data, kter\u00e9 o\u00a0n\u011bm provozovatel m\u00e1, m\u016f\u017ee jej o\u00a0to po\u017e\u00e1dat prost\u0159ednictv\u00edm kontaktn\u00edch \u00fadaj\u016f uveden\u00fdch na\u00a0t\u011bchto str\u00e1nk\u00e1ch.<\/p>","protected":false},"excerpt":{"rendered":"<p>Provozovatel webu Vlastn\u00edkem a provozovatelem t\u011bchto\u00a0webov\u00fdch str\u00e1nek je\u00a0JS economy solution, s.r.o. Autorsk\u00e1 pr\u00e1va Obsah webu je v cel\u00e9m rozsahu chr\u00e1n\u011bn autorsk\u00fdm pr\u00e1vem. Nen\u00ed-li v\u00fdslovn\u011b uvedeno jinak, nen\u00ed mo\u017en\u00e9 obsah p\u0159eb\u00edrat, kop\u00edrovat, reprodukovat ani d\u00e1le \u0161\u00ed\u0159it jin\u00fdmi kan\u00e1ly, s v\u00fdjimkou tisku pro osobn\u00ed pot\u0159ebu a stru\u010dn\u00fdch citac\u00ed \u010di n\u00e1hled\u016f na soci\u00e1ln\u00edch s\u00edt\u00edch s uveden\u00edm zdroje. Souhlas [&hellip;]<\/p>","protected":false},"author":1,"featured_media":0,"parent":0,"menu_order":0,"comment_status":"closed","ping_status":"closed","template":"","meta":{"footnotes":""},"class_list":["post-1623","page","type-page","status-publish","hentry"],"yoast_head":"<!-- This site is optimized with the Yoast SEO Premium plugin v20.11 (Yoast SEO v25.5) - https:\/\/yoast.com\/wordpress\/plugins\/seo\/ -->\n<title>Detailing Dvornik Krom\u011b\u0159\u00ed\u017e<\/title>\n<meta name=\"description\" content=\"Detailing Dvorn\u00edk Krom\u011b\u0159\u00ed\u017e \u2013 profesion\u00e1ln\u00ed detailing voz\u016f. Nab\u00edz\u00edme detailing exteri\u00e9ru, \u010di\u0161t\u011bn\u00ed interi\u00e9ru a f\u00f3lie PPF pro vozy v Krom\u011b\u0159\u00ed\u017ei.\" \/>\n<meta name=\"robots\" content=\"index, follow, max-snippet:-1, max-image-preview:large, max-video-preview:-1\" \/>\n<link rel=\"canonical\" href=\"https:\/\/detailing-dvornik.cz\/en\/ochrana-soukromi\/\" \/>\n<meta property=\"og:locale\" content=\"en_GB\" \/>\n<meta property=\"og:type\" content=\"article\" \/>\n<meta property=\"og:title\" content=\"Detailing Dvornik Krom\u011b\u0159\u00ed\u017e\" \/>\n<meta property=\"og:description\" content=\"Detailing Dvorn\u00edk Krom\u011b\u0159\u00ed\u017e \u2013 profesion\u00e1ln\u00ed detailing voz\u016f. Nab\u00edz\u00edme detailing exteri\u00e9ru, \u010di\u0161t\u011bn\u00ed interi\u00e9ru a f\u00f3lie PPF pro vozy v Krom\u011b\u0159\u00ed\u017ei.\" \/>\n<meta property=\"og:url\" content=\"https:\/\/detailing-dvornik.cz\/en\/ochrana-soukromi\/\" \/>\n<meta property=\"og:site_name\" content=\"Detailing Dvornik Krom\u011b\u0159\u00ed\u017e\" \/>\n<meta property=\"article:modified_time\" content=\"2025-09-22T13:47:02+00:00\" \/>\n<meta property=\"og:image\" content=\"https:\/\/detailing-dvornik.cz\/wp-content\/uploads\/2022\/08\/cropped-logo.png\" \/>\n\t<meta property=\"og:image:width\" content=\"512\" \/>\n\t<meta property=\"og:image:height\" content=\"512\" \/>\n\t<meta property=\"og:image:type\" content=\"image\/png\" \/>\n<meta name=\"twitter:card\" content=\"summary_large_image\" \/>\n<meta name=\"twitter:title\" content=\"Ochrana soukrom\u00ed\" \/>\n<meta name=\"twitter:label1\" content=\"Estimated reading time\" \/>\n\t<meta name=\"twitter:data1\" content=\"2 minutes\" \/>\n<script type=\"application\/ld+json\" class=\"yoast-schema-graph\">{\"@context\":\"https:\/\/schema.org\",\"@graph\":[{\"@type\":\"WebPage\",\"@id\":\"https:\/\/detailing-dvornik.cz\/ochrana-soukromi\/\",\"url\":\"https:\/\/detailing-dvornik.cz\/ochrana-soukromi\/\",\"name\":\"Detailing Dvornik Krom\u011b\u0159\u00ed\u017e\",\"isPartOf\":{\"@id\":\"https:\/\/detailing-dvornik.cz\/#website\"},\"datePublished\":\"2022-07-04T21:26:55+00:00\",\"dateModified\":\"2025-09-22T13:47:02+00:00\",\"description\":\"Detailing Dvorn\u00edk Krom\u011b\u0159\u00ed\u017e \u2013 profesion\u00e1ln\u00ed detailing voz\u016f. Nab\u00edz\u00edme detailing exteri\u00e9ru, \u010di\u0161t\u011bn\u00ed interi\u00e9ru a f\u00f3lie PPF pro vozy v Krom\u011b\u0159\u00ed\u017ei.\",\"breadcrumb\":{\"@id\":\"https:\/\/detailing-dvornik.cz\/ochrana-soukromi\/#breadcrumb\"},\"inLanguage\":\"en-GB\",\"potentialAction\":[{\"@type\":\"ReadAction\",\"target\":[\"https:\/\/detailing-dvornik.cz\/ochrana-soukromi\/\"]}]},{\"@type\":\"BreadcrumbList\",\"@id\":\"https:\/\/detailing-dvornik.cz\/ochrana-soukromi\/#breadcrumb\",\"itemListElement\":[{\"@type\":\"ListItem\",\"position\":1,\"name\":\"Dom\u016f\",\"item\":\"https:\/\/detailing-dvornik.cz\/\"},{\"@type\":\"ListItem\",\"position\":2,\"name\":\"Ochrana soukrom\u00ed\"}]},{\"@type\":\"WebSite\",\"@id\":\"https:\/\/detailing-dvornik.cz\/#website\",\"url\":\"https:\/\/detailing-dvornik.cz\/\",\"name\":\"Detailing Dvorn\u00edk Krom\u011b\u0159\u00ed\u017e\",\"description\":\"\",\"alternateName\":\"Detailing Dvorn\u00edk Krom\u011b\u0159\u00ed\u017e \u2013 profesion\u00e1ln\u00ed detailing voz\u016f. Nab\u00edz\u00edme detailing exteri\u00e9ru, \u010di\u0161t\u011bn\u00ed interi\u00e9ru a f\u00f3lie PPF pro vozy v Krom\u011b\u0159\u00ed\u017ei.\",\"potentialAction\":[{\"@type\":\"SearchAction\",\"target\":{\"@type\":\"EntryPoint\",\"urlTemplate\":\"https:\/\/detailing-dvornik.cz\/?s={search_term_string}\"},\"query-input\":{\"@type\":\"PropertyValueSpecification\",\"valueRequired\":true,\"valueName\":\"search_term_string\"}}],\"inLanguage\":\"en-GB\"}]}<\/script>\n<!-- \/ Yoast SEO Premium plugin. -->","yoast_head_json":{"title":"Detailing Dvornik Krom\u011b\u0159\u00ed\u017e","description":"Detailing Dvorn\u00edk Krom\u011b\u0159\u00ed\u017e \u2013 profesion\u00e1ln\u00ed detailing voz\u016f. Nab\u00edz\u00edme detailing exteri\u00e9ru, \u010di\u0161t\u011bn\u00ed interi\u00e9ru a f\u00f3lie PPF pro vozy v Krom\u011b\u0159\u00ed\u017ei.","robots":{"index":"index","follow":"follow","max-snippet":"max-snippet:-1","max-image-preview":"max-image-preview:large","max-video-preview":"max-video-preview:-1"},"canonical":"https:\/\/detailing-dvornik.cz\/en\/ochrana-soukromi\/","og_locale":"en_GB","og_type":"article","og_title":"Detailing Dvornik Krom\u011b\u0159\u00ed\u017e","og_description":"Detailing Dvorn\u00edk Krom\u011b\u0159\u00ed\u017e \u2013 profesion\u00e1ln\u00ed detailing voz\u016f. Nab\u00edz\u00edme detailing exteri\u00e9ru, \u010di\u0161t\u011bn\u00ed interi\u00e9ru a f\u00f3lie PPF pro vozy v Krom\u011b\u0159\u00ed\u017ei.","og_url":"https:\/\/detailing-dvornik.cz\/en\/ochrana-soukromi\/","og_site_name":"Detailing Dvornik Krom\u011b\u0159\u00ed\u017e","article_modified_time":"2025-09-22T13:47:02+00:00","og_image":[{"width":512,"height":512,"url":"https:\/\/detailing-dvornik.cz\/wp-content\/uploads\/2022\/08\/cropped-logo.png","type":"image\/png"}],"twitter_card":"summary_large_image","twitter_title":"Ochrana soukrom\u00ed","twitter_misc":{"Estimated reading time":"2 minutes"},"schema":{"@context":"https:\/\/schema.org","@graph":[{"@type":"WebPage","@id":"https:\/\/detailing-dvornik.cz\/ochrana-soukromi\/","url":"https:\/\/detailing-dvornik.cz\/ochrana-soukromi\/","name":"Detailing Dvornik Krom\u011b\u0159\u00ed\u017e","isPartOf":{"@id":"https:\/\/detailing-dvornik.cz\/#website"},"datePublished":"2022-07-04T21:26:55+00:00","dateModified":"2025-09-22T13:47:02+00:00","description":"Detailing Dvorn\u00edk Krom\u011b\u0159\u00ed\u017e \u2013 profesion\u00e1ln\u00ed detailing voz\u016f. Nab\u00edz\u00edme detailing exteri\u00e9ru, \u010di\u0161t\u011bn\u00ed interi\u00e9ru a f\u00f3lie PPF pro vozy v Krom\u011b\u0159\u00ed\u017ei.","breadcrumb":{"@id":"https:\/\/detailing-dvornik.cz\/ochrana-soukromi\/#breadcrumb"},"inLanguage":"en-GB","potentialAction":[{"@type":"ReadAction","target":["https:\/\/detailing-dvornik.cz\/ochrana-soukromi\/"]}]},{"@type":"BreadcrumbList","@id":"https:\/\/detailing-dvornik.cz\/ochrana-soukromi\/#breadcrumb","itemListElement":[{"@type":"ListItem","position":1,"name":"Dom\u016f","item":"https:\/\/detailing-dvornik.cz\/"},{"@type":"ListItem","position":2,"name":"Ochrana soukrom\u00ed"}]},{"@type":"WebSite","@id":"https:\/\/detailing-dvornik.cz\/#website","url":"https:\/\/detailing-dvornik.cz\/","name":"Detailing Dvorn\u00edk Krom\u011b\u0159\u00ed\u017e","description":"","alternateName":"Detailing Dvorn\u00edk Krom\u011b\u0159\u00ed\u017e \u2013 profesion\u00e1ln\u00ed detailing voz\u016f. Nab\u00edz\u00edme detailing exteri\u00e9ru, \u010di\u0161t\u011bn\u00ed interi\u00e9ru a f\u00f3lie PPF pro vozy v Krom\u011b\u0159\u00ed\u017ei.","potentialAction":[{"@type":"SearchAction","target":{"@type":"EntryPoint","urlTemplate":"https:\/\/detailing-dvornik.cz\/?s={search_term_string}"},"query-input":{"@type":"PropertyValueSpecification","valueRequired":true,"valueName":"search_term_string"}}],"inLanguage":"en-GB"}]}},"_links":{"self":[{"href":"https:\/\/detailing-dvornik.cz\/en\/wp-json\/wp\/v2\/pages\/1623","targetHints":{"allow":["GET"]}}],"collection":[{"href":"https:\/\/detailing-dvornik.cz\/en\/wp-json\/wp\/v2\/pages"}],"about":[{"href":"https:\/\/detailing-dvornik.cz\/en\/wp-json\/wp\/v2\/types\/page"}],"author":[{"embeddable":true,"href":"https:\/\/detailing-dvornik.cz\/en\/wp-json\/wp\/v2\/users\/1"}],"replies":[{"embeddable":true,"href":"https:\/\/detailing-dvornik.cz\/en\/wp-json\/wp\/v2\/comments?post=1623"}],"version-history":[{"count":4,"href":"https:\/\/detailing-dvornik.cz\/en\/wp-json\/wp\/v2\/pages\/1623\/revisions"}],"predecessor-version":[{"id":2329,"href":"https:\/\/detailing-dvornik.cz\/en\/wp-json\/wp\/v2\/pages\/1623\/revisions\/2329"}],"wp:attachment":[{"href":"https:\/\/detailing-dvornik.cz\/en\/wp-json\/wp\/v2\/media?parent=1623"}],"curies":[{"name":"wp","href":"https:\/\/api.w.org\/{rel}","templated":true}]}}