{"id":1629,"date":"2022-07-04T21:40:45","date_gmt":"2022-07-04T21:40:45","guid":{"rendered":"http:\/\/detailing-dvornik.cz\/zasady-cookies-eu\/"},"modified":"2025-09-22T13:47:21","modified_gmt":"2025-09-22T13:47:21","slug":"zasady-cookies-eu","status":"publish","type":"page","link":"https:\/\/detailing-dvornik.cz\/en\/zasady-cookies-eu\/","title":{"rendered":"Z\u00e1sady cookies (EU)"},"content":{"rendered":"Region EU not activated for cookie-statement.","protected":false},"excerpt":{"rendered":"","protected":false},"author":1,"featured_media":0,"parent":0,"menu_order":0,"comment_status":"closed","ping_status":"closed","template":"","meta":{"footnotes":""},"class_list":["post-1629","page","type-page","status-publish","hentry"],"yoast_head":"<!-- This site is optimized with the Yoast SEO Premium plugin v20.11 (Yoast SEO v25.5) - https:\/\/yoast.com\/wordpress\/plugins\/seo\/ -->\n<title>Detailing Dvornik Krom\u011b\u0159\u00ed\u017e<\/title>\n<meta name=\"description\" content=\"Detailing Dvorn\u00edk Krom\u011b\u0159\u00ed\u017e \u2013 profesion\u00e1ln\u00ed detailing voz\u016f. Nab\u00edz\u00edme detailing exteri\u00e9ru, \u010di\u0161t\u011bn\u00ed interi\u00e9ru a f\u00f3lie PPF pro vozy v Krom\u011b\u0159\u00ed\u017ei.\" \/>\n<meta name=\"robots\" content=\"index, follow, max-snippet:-1, max-image-preview:large, max-video-preview:-1\" \/>\n<link rel=\"canonical\" href=\"https:\/\/detailing-dvornik.cz\/en\/zasady-cookies-eu\/\" \/>\n<meta property=\"og:locale\" content=\"en_GB\" \/>\n<meta property=\"og:type\" content=\"article\" \/>\n<meta property=\"og:title\" content=\"Detailing Dvornik\" \/>\n<meta property=\"og:description\" content=\"Detailing Dvornik poskytuje profesion\u00e1ln\u00ed slu\u017eby v oblasti detailIngu automobil\u016f v Krom\u011b\u0159\u00ed\u017ei a p\u0159ilehl\u00e9m okol\u00ed.\" \/>\n<meta property=\"og:url\" content=\"https:\/\/detailing-dvornik.cz\/en\/zasady-cookies-eu\/\" \/>\n<meta property=\"og:site_name\" content=\"Detailing Dvornik Krom\u011b\u0159\u00ed\u017e\" \/>\n<meta property=\"article:modified_time\" content=\"2025-09-22T13:47:21+00:00\" \/>\n<meta property=\"og:image\" content=\"https:\/\/detailing-dvornik.cz\/wp-content\/uploads\/2022\/08\/cropped-logo.png\" \/>\n\t<meta property=\"og:image:width\" content=\"512\" \/>\n\t<meta property=\"og:image:height\" content=\"512\" \/>\n\t<meta property=\"og:image:type\" content=\"image\/png\" \/>\n<meta name=\"twitter:card\" content=\"summary_large_image\" \/>\n<meta name=\"twitter:title\" content=\"Z\u00e1sady cookies (EU)\" \/>\n<meta name=\"twitter:description\" content=\"Detailing Dvorn\u00edk Krom\u011b\u0159\u00ed\u017e \u2013 profesion\u00e1ln\u00ed detailing voz\u016f. Nab\u00edz\u00edme detailing exteri\u00e9ru, \u010di\u0161t\u011bn\u00ed interi\u00e9ru a f\u00f3lie PPF pro vozy v Krom\u011b\u0159\u00ed\u017ei.\" \/>\n<meta name=\"twitter:label1\" content=\"Estimated reading time\" \/>\n\t<meta name=\"twitter:data1\" content=\"1 minute\" \/>\n<script type=\"application\/ld+json\" class=\"yoast-schema-graph\">{\"@context\":\"https:\/\/schema.org\",\"@graph\":[{\"@type\":\"WebPage\",\"@id\":\"https:\/\/detailing-dvornik.cz\/zasady-cookies-eu\/\",\"url\":\"https:\/\/detailing-dvornik.cz\/zasady-cookies-eu\/\",\"name\":\"Detailing Dvornik Krom\u011b\u0159\u00ed\u017e\",\"isPartOf\":{\"@id\":\"https:\/\/detailing-dvornik.cz\/#website\"},\"datePublished\":\"2022-07-04T21:40:45+00:00\",\"dateModified\":\"2025-09-22T13:47:21+00:00\",\"description\":\"Detailing Dvorn\u00edk Krom\u011b\u0159\u00ed\u017e \u2013 profesion\u00e1ln\u00ed detailing voz\u016f. Nab\u00edz\u00edme detailing exteri\u00e9ru, \u010di\u0161t\u011bn\u00ed interi\u00e9ru a f\u00f3lie PPF pro vozy v Krom\u011b\u0159\u00ed\u017ei.\",\"breadcrumb\":{\"@id\":\"https:\/\/detailing-dvornik.cz\/zasady-cookies-eu\/#breadcrumb\"},\"inLanguage\":\"en-GB\",\"potentialAction\":[{\"@type\":\"ReadAction\",\"target\":[\"https:\/\/detailing-dvornik.cz\/zasady-cookies-eu\/\"]}]},{\"@type\":\"BreadcrumbList\",\"@id\":\"https:\/\/detailing-dvornik.cz\/zasady-cookies-eu\/#breadcrumb\",\"itemListElement\":[{\"@type\":\"ListItem\",\"position\":1,\"name\":\"Dom\u016f\",\"item\":\"https:\/\/detailing-dvornik.cz\/\"},{\"@type\":\"ListItem\",\"position\":2,\"name\":\"Z\u00e1sady cookies (EU)\"}]},{\"@type\":\"WebSite\",\"@id\":\"https:\/\/detailing-dvornik.cz\/#website\",\"url\":\"https:\/\/detailing-dvornik.cz\/\",\"name\":\"Detailing Dvorn\u00edk Krom\u011b\u0159\u00ed\u017e\",\"description\":\"\",\"alternateName\":\"Detailing Dvorn\u00edk Krom\u011b\u0159\u00ed\u017e \u2013 profesion\u00e1ln\u00ed detailing voz\u016f. Nab\u00edz\u00edme detailing exteri\u00e9ru, \u010di\u0161t\u011bn\u00ed interi\u00e9ru a f\u00f3lie PPF pro vozy v Krom\u011b\u0159\u00ed\u017ei.\",\"potentialAction\":[{\"@type\":\"SearchAction\",\"target\":{\"@type\":\"EntryPoint\",\"urlTemplate\":\"https:\/\/detailing-dvornik.cz\/?s={search_term_string}\"},\"query-input\":{\"@type\":\"PropertyValueSpecification\",\"valueRequired\":true,\"valueName\":\"search_term_string\"}}],\"inLanguage\":\"en-GB\"}]}<\/script>\n<!-- \/ Yoast SEO Premium plugin. -->","yoast_head_json":{"title":"Detailing Dvornik Krom\u011b\u0159\u00ed\u017e","description":"Detailing Dvorn\u00edk Krom\u011b\u0159\u00ed\u017e \u2013 profesion\u00e1ln\u00ed detailing voz\u016f. Nab\u00edz\u00edme detailing exteri\u00e9ru, \u010di\u0161t\u011bn\u00ed interi\u00e9ru a f\u00f3lie PPF pro vozy v Krom\u011b\u0159\u00ed\u017ei.","robots":{"index":"index","follow":"follow","max-snippet":"max-snippet:-1","max-image-preview":"max-image-preview:large","max-video-preview":"max-video-preview:-1"},"canonical":"https:\/\/detailing-dvornik.cz\/en\/zasady-cookies-eu\/","og_locale":"en_GB","og_type":"article","og_title":"Detailing Dvornik","og_description":"Detailing Dvornik poskytuje profesion\u00e1ln\u00ed slu\u017eby v oblasti detailIngu automobil\u016f v Krom\u011b\u0159\u00ed\u017ei a p\u0159ilehl\u00e9m okol\u00ed.","og_url":"https:\/\/detailing-dvornik.cz\/en\/zasady-cookies-eu\/","og_site_name":"Detailing Dvornik Krom\u011b\u0159\u00ed\u017e","article_modified_time":"2025-09-22T13:47:21+00:00","og_image":[{"width":512,"height":512,"url":"https:\/\/detailing-dvornik.cz\/wp-content\/uploads\/2022\/08\/cropped-logo.png","type":"image\/png"}],"twitter_card":"summary_large_image","twitter_title":"Z\u00e1sady cookies (EU)","twitter_description":"Detailing Dvorn\u00edk Krom\u011b\u0159\u00ed\u017e \u2013 profesion\u00e1ln\u00ed detailing voz\u016f. Nab\u00edz\u00edme detailing exteri\u00e9ru, \u010di\u0161t\u011bn\u00ed interi\u00e9ru a f\u00f3lie PPF pro vozy v Krom\u011b\u0159\u00ed\u017ei.","twitter_misc":{"Estimated reading time":"1 minute"},"schema":{"@context":"https:\/\/schema.org","@graph":[{"@type":"WebPage","@id":"https:\/\/detailing-dvornik.cz\/zasady-cookies-eu\/","url":"https:\/\/detailing-dvornik.cz\/zasady-cookies-eu\/","name":"Detailing Dvornik Krom\u011b\u0159\u00ed\u017e","isPartOf":{"@id":"https:\/\/detailing-dvornik.cz\/#website"},"datePublished":"2022-07-04T21:40:45+00:00","dateModified":"2025-09-22T13:47:21+00:00","description":"Detailing Dvorn\u00edk Krom\u011b\u0159\u00ed\u017e \u2013 profesion\u00e1ln\u00ed detailing voz\u016f. Nab\u00edz\u00edme detailing exteri\u00e9ru, \u010di\u0161t\u011bn\u00ed interi\u00e9ru a f\u00f3lie PPF pro vozy v Krom\u011b\u0159\u00ed\u017ei.","breadcrumb":{"@id":"https:\/\/detailing-dvornik.cz\/zasady-cookies-eu\/#breadcrumb"},"inLanguage":"en-GB","potentialAction":[{"@type":"ReadAction","target":["https:\/\/detailing-dvornik.cz\/zasady-cookies-eu\/"]}]},{"@type":"BreadcrumbList","@id":"https:\/\/detailing-dvornik.cz\/zasady-cookies-eu\/#breadcrumb","itemListElement":[{"@type":"ListItem","position":1,"name":"Dom\u016f","item":"https:\/\/detailing-dvornik.cz\/"},{"@type":"ListItem","position":2,"name":"Z\u00e1sady cookies (EU)"}]},{"@type":"WebSite","@id":"https:\/\/detailing-dvornik.cz\/#website","url":"https:\/\/detailing-dvornik.cz\/","name":"Detailing Dvorn\u00edk Krom\u011b\u0159\u00ed\u017e","description":"","alternateName":"Detailing Dvorn\u00edk Krom\u011b\u0159\u00ed\u017e \u2013 profesion\u00e1ln\u00ed detailing voz\u016f. Nab\u00edz\u00edme detailing exteri\u00e9ru, \u010di\u0161t\u011bn\u00ed interi\u00e9ru a f\u00f3lie PPF pro vozy v Krom\u011b\u0159\u00ed\u017ei.","potentialAction":[{"@type":"SearchAction","target":{"@type":"EntryPoint","urlTemplate":"https:\/\/detailing-dvornik.cz\/?s={search_term_string}"},"query-input":{"@type":"PropertyValueSpecification","valueRequired":true,"valueName":"search_term_string"}}],"inLanguage":"en-GB"}]}},"_links":{"self":[{"href":"https:\/\/detailing-dvornik.cz\/en\/wp-json\/wp\/v2\/pages\/1629","targetHints":{"allow":["GET"]}}],"collection":[{"href":"https:\/\/detailing-dvornik.cz\/en\/wp-json\/wp\/v2\/pages"}],"about":[{"href":"https:\/\/detailing-dvornik.cz\/en\/wp-json\/wp\/v2\/types\/page"}],"author":[{"embeddable":true,"href":"https:\/\/detailing-dvornik.cz\/en\/wp-json\/wp\/v2\/users\/1"}],"replies":[{"embeddable":true,"href":"https:\/\/detailing-dvornik.cz\/en\/wp-json\/wp\/v2\/comments?post=1629"}],"version-history":[{"count":1,"href":"https:\/\/detailing-dvornik.cz\/en\/wp-json\/wp\/v2\/pages\/1629\/revisions"}],"predecessor-version":[{"id":1642,"href":"https:\/\/detailing-dvornik.cz\/en\/wp-json\/wp\/v2\/pages\/1629\/revisions\/1642"}],"wp:attachment":[{"href":"https:\/\/detailing-dvornik.cz\/en\/wp-json\/wp\/v2\/media?parent=1629"}],"curies":[{"name":"wp","href":"https:\/\/api.w.org\/{rel}","templated":true}]}}